{"id":2461599,"date":"2026-03-27T12:38:13","date_gmt":"2026-03-27T11:38:13","guid":{"rendered":"https:\/\/punto4srl.com\/product\/contatore-pnoz-s5-c-tuvc-tuv-24v-jenbacher-572299\/"},"modified":"2026-03-27T12:38:13","modified_gmt":"2026-03-27T11:38:13","slug":"contatore-pnoz-s5-c-tuvc-tuv-24v-jenbacher-572299","status":"publish","type":"product","link":"https:\/\/punto4srl.com\/en\/product\/contatore-pnoz-s5-c-tuvc-tuv-24v-jenbacher-572299\/","title":{"rendered":"Contatore PNOZ S5 C T\u00dcVC- T\u00dcV 24V | Jenbacher 572299"},"content":{"rendered":"<p>Contactor PNOZ S5 C- T\u00dcVC- T\u00dcV 24V | Jenbacher 572299<\/p>\n","protected":false},"excerpt":{"rendered":"<p>Contactor PNOZ S5 C- T\u00dcVC- T\u00dcV 24V | Jenbacher 572299<\/p>\n","protected":false},"featured_media":0,"comment_status":"open","ping_status":"closed","template":"","meta":{"_acf_changed":false},"product_brand":[],"product_cat":[131,105],"product_tag":[107],"class_list":{"0":"post-2461599","1":"product","2":"type-product","3":"status-publish","5":"product_cat-miscellaneous","6":"product_cat-spare-parts","7":"product_tag-oem","9":"first","10":"onbackorder","11":"taxable","12":"shipping-taxable","13":"purchasable","14":"product-type-simple"},"acf":[],"_links":{"self":[{"href":"https:\/\/punto4srl.com\/en\/wp-json\/wp\/v2\/product\/2461599","targetHints":{"allow":["GET"]}}],"collection":[{"href":"https:\/\/punto4srl.com\/en\/wp-json\/wp\/v2\/product"}],"about":[{"href":"https:\/\/punto4srl.com\/en\/wp-json\/wp\/v2\/types\/product"}],"replies":[{"embeddable":true,"href":"https:\/\/punto4srl.com\/en\/wp-json\/wp\/v2\/comments?post=2461599"}],"wp:attachment":[{"href":"https:\/\/punto4srl.com\/en\/wp-json\/wp\/v2\/media?parent=2461599"}],"wp:term":[{"taxonomy":"product_brand","embeddable":true,"href":"https:\/\/punto4srl.com\/en\/wp-json\/wp\/v2\/product_brand?post=2461599"},{"taxonomy":"product_cat","embeddable":true,"href":"https:\/\/punto4srl.com\/en\/wp-json\/wp\/v2\/product_cat?post=2461599"},{"taxonomy":"product_tag","embeddable":true,"href":"https:\/\/punto4srl.com\/en\/wp-json\/wp\/v2\/product_tag?post=2461599"}],"curies":[{"name":"wp","href":"https:\/\/api.w.org\/{rel}","templated":true}]}}